{"id":19677,"date":"2015-05-29T09:32:42","date_gmt":"2015-05-29T09:32:42","guid":{"rendered":"http:\/\/www.posterimage.it\/?page_id=19677"},"modified":"2018-05-25T13:29:00","modified_gmt":"2018-05-25T13:29:00","slug":"privacy-policy","status":"publish","type":"page","link":"https:\/\/lab.posterimage.it\/privacy-policy\/","title":{"rendered":"Privacy policy"},"content":{"rendered":"<p>L&#8217;IMAGE ha sempre considerato di fondamentale importanza la tutela e la sicurezza dei dati dei propri Utenti.<br \/>\nIn conformit\u00e0 con l\u2019entrata in vigore del nuovo Regolamento Generale sulla Protezione dei Dati Personali (Regolamento UE 2016\/679 o GDPR) l&#8217;IMAGE ha provveduto ad aggiornare la propria Privacy Policy per rendere ancora pi\u00f9 chiare le modalit\u00e0 di gestione del sito in riferimento al trattamento dei dati personali.<\/p>\n<p>Per tutte le informazioni sui cookies:<br \/>\n<a href=\"https:\/\/mediawestcms.it\/it\/fullprivacy.html#cook\" target=\"_blank\" rel=\"noopener\">Cookie Policy<\/a>.<\/p>\n<p>Per la versione estesa di questa privacy policy:<br \/>\n<a href=\"https:\/\/mediawestcms.it\/it\/fullprivacy.html\" target=\"_blank\" rel=\"noopener\">Informativa completa sul trattamento dei dati personali<\/a>.<\/p>\n<h3 class=\"widget-title\">Titolare e responsabile del trattamento<\/h3>\n<p><strong>L&#8217;IMAGE di Alessandro Bellenda<\/strong><br \/>\nSede legale:\u00a0Piazza dei Partigiani, 16 &#8211; 17021 Alassio (SV) &#8211; IT<br \/>\nCodice Fiscale:\u00a0BLLLSN65S14A278U<br \/>\nPosta elettronica certificata (PEC): bellenda.alessandro@pec.it<br \/>\nUfficio del Registro:\u00a0SAVONA<br \/>\nNumero REA: SV\u00a0\u2013\u00a0125990<\/p>\n<h3 class=\"widget-title\">Responsabile esterno del Trattamento dei Dati del Sito<\/h3>\n<p>gdpr@mediawest.it<\/p>\n<p><!--\n\n\n<h3 class=\"widget-title\">Il Responsabile del trattamento<\/h3>\n\n\nIl Responsabile del trattamento dei Suoi dati \u00e8 il Legale Rappresentante.\nI trattamenti connessi ai servizi web del sito www.posterimage.it hanno luogo presso la sede del partner che gestisce il sito istituzionale e sono curati solo dal personale tecnico dell\u2019Ufficio incaricato del trattamento oppure da eventuali incaricati esterni (outsourcers) per l\u2019espletamento di operazioni tecniche occasionali o periodiche (es. manutenzione dei DB).\n\nPer la versione estesa di questa privacy policy: <a href=\"https:\/\/mediawestcms.it\/it\/fullprivacy.html\" target=\"_blank\" rel=\"noopener\">Informativa completa sul trattamento dei dati personali<\/a>.\n\n\n<h3 class=\"widget-title\">INFORMATIVA PER L\u2019UTILIZZO DEI DATI PERSONALI\u00a0D.LGS 30.06.2003 N.196, ART. 13 E S.M.I.<\/h3>\n\n\nL'Image di Alessandro Bellenda\u00a0(di seguito per brevit\u00e0 \u201cL'Image\u201d), considera di fondamentale importanza la \u201cprivacy\u201d dei propri utenti e garantisce che il trattamento dei dati personali mediante il proprio sito Internet si svolga nel rispetto dei diritti e delle libert\u00e0 fondamentali, nonch\u00e9 della dignit\u00e0 dell\u2019interessato, con particolare riferimento alla riservatezza, all\u2019identit\u00e0 personale e al diritto alla protezione dei dati personali. A tal proposito L'Image ha adottato ed implementato una <strong>Privacy Policy<\/strong> per tutto ci\u00f2 che concerne le modalit\u00e0 di gestione del sito in riferimento al trattamento dei dati personali degli utenti. Si tratta di un\u2019informativa che \u00e8 resa anche ai sensi dell\u2019art. 13 del \u201cCodice in materia di protezione dei dati personali\u201d (D.lgs. n. 196\/2003).\nVi preghiamo di prendere visione della seguente Privacy Policy e di controllarla periodicamente con attenzione al fine di verificare eventuali aggiornamenti e\/o revisioni che si dovessero rendere necessari.\n\n\n<h3 class=\"widget-title\">DEFINIZIONE DI \u201cDATO PERSONALE\u201d<\/h3>\n\n\nAi fini della presente Policy, per \u201cdato personale\u201d \u2013 come meglio specificato nell\u2019Articolo 4 del Codice \u2013 si intende \u201cqualunque informazione relativa a persona fisica, persona giuridica, ente od associazione, identificati o identificabili, anche indirettamente, mediante riferimento a qualsiasi altra informazione, ivi compreso un numero di identificazione personale\u201d.\nLa presente Privacy Policy si applica ai dati personali raccolti attraverso il sito web www.posterimage.it\u00a0e\/o caselle di posta elettronica della Societ\u00e0.\nEssa si estende inoltre anche a immagini (foto e\/o video) che possono essere acquisite nell\u2019ambito delle attivit\u00e0 svolte dalla Societ\u00e0, quali a titolo esemplificativo convegni, fiere, riunioni, corsi di formazione e\/o altri eventi.\nLa presente Privacy Policy non si applica ad altri siti web di propriet\u00e0 di soggetti terzi, ai quali si possa accedere tramite collegamento ipertestuale, per il fatto che L'Image non gestisce e non controlla il contenuto di tali siti.\nPossono essere raccolti da L'Image, tramite il proprio sito web o a mezzo posta elettronica, i seguenti dati personali: nome, cognome, dati anagrafici, indirizzo di posta elettronica, n. di telefono, credenziali professionali, informazioni raggruppate a mero scopo statistico durante il processo di consultazione del sito, altre informazioni fornite volontariamente dall\u2019utente attraverso le procedure di registrazione on-line o la compilazione degli appositi campi e\/o moduli presenti sul sito.\n\n\n<h3 class=\"widget-title\">MODALIT\u00c0 DEL TRATTAMENTO<\/h3>\n\n\nGli utenti possono accedere a diverse sezioni del sito web senza rilasciare alcuna informazione personale. L'Image tratta e raccoglie dati personali on-line attraverso il proprio sito web o indirizzo di posta elettronica; tali trattamenti sono effettuati, in modo prevalentemente automatizzato, nei seguenti modi:\n1. Dati rilasciati volontariamente dagli utenti. L'Image raccoglie le informazioni personali e gli altri dati che vengono inseriti nei form di registrazione o rilasciati nei campi modulo del sito web, nonch\u00e9 inoltrati alla Societ\u00e0 a mezzo posta elettronica. Tali dati possono riguardare informazioni necessarie per fornire alcuni servizi (es. Newsletter) e\/o per contattare l\u2019interessato (quali ad es. nome, indirizzo e-mail, numero telefonico, ecc.)\n2. Dati di navigazione raccolti attraverso l\u2019utilizzo di strumenti elettronici. I sistemi informatici e le procedure software preposte al funzionamento del sito web www.posterimage.it\u00a0acquisiscono, nel corso del loro normale utilizzo, una serie di informazioni personali la cui trasmissione \u00e8 implicita nell\u2019uso dei protocolli di comunicazione di Internet (ad esempio, l\u2019indirizzo IP dell\u2019utente o il domain name del computer utilizzato per accedere al sito web, l\u2019URI delle risorse richieste, l\u2019orario della richiesta o il tempo della sessione, il metodo utilizzato per sottoporre la query al server, la dimensione dei file ricevuti in risposta alla richiesta, il codice numerico concernente lo status della risposta data dal server ed altro tipo di informazioni riguardo al sistema operativo e all\u2019ambiente informatico dell\u2019utente). Il sito web utilizza tecnologie quali cookies o analoghe allo scopo di raccogliere e\/o trasmettere dati personali di utenti.\nPer tutte le informazioni sui cookies: <a href=\"https:\/\/mediawestcms.it\/it\/fullprivacy.html#cook\" target=\"_blank\" rel=\"noopener\">Informativa sui cookies<\/a>.\n3. Le immagini eventualmente acquisite in occasione di eventi saranno conservate negli archivi informatici della Societ\u00e0 e potranno essere pubblicate e\/o diffuse in qualsiasi forma sul sito internet www.posterimage.it e\/o su altri supporti di comunicazione (social network, pubblicazioni, volantini, stampa, ecc.).\n\n\n<h3 class=\"widget-title\">FINALIT\u00c0 DELLA RACCOLTA<\/h3>\n\n\nL'Image raccoglie e utilizza i dati raccolti al solo scopo di offrire prodotti e servizi, promuovere iniziative tramite la \u201cNewsletter\u201d, ricavare informazioni statistiche e\/o controllare il sistema degli accessi autorizzati e monitorare la sicurezza dei dati.\nLe eventuali immagini acquisite nell\u2019ambito di eventi saranno utilizzate al solo scopo di presentare e promuovere L'Image e le attivit\u00e0 dalla stessa svolte.\nL'Image, quale \u201cTitolare\u201d dei relativi trattamenti, informa che i dati di cui in oggetto saranno trattati ed utilizzati esclusivamente per le finalit\u00e0 evidenziate nella presente Privacy Policy.\n\n\n<h3 class=\"widget-title\">COMUNICAZIONE E\/O DIFFUSIONE DEI DATI PERSONALI<\/h3>\n\n\nI dati personali saranno accessibili agli organi ed ai dipendenti de\u00a0L'Image, formalmente nominati Incaricati o Responsabili del trattamento. L\u2019utilizzo e l\u2019inoltro di dati personali da parte di eventuali soggetti esterni e\/o organizzazioni che agiscono per conto de\u00a0L'Image (compresi service provider e web agencies che gestiscono il sito web) ma che lavorano per proprio conto sono regolate da contratti che prevedono un adeguato livello di protezione dei dati personali, comunque in conformit\u00e0 con la presente Privacy Policy e secondo quanto previsto esplicitamente dalla vigente normativa.\nIn taluni altri casi, L'Image pu\u00f2 essere altres\u00ec tenuta a rilasciare i dati personali degli utenti del proprio sito web in esecuzione di obblighi contrattuali, in conformit\u00e0 della normativa vigente o per soddisfare la richiesta di servizi da parte dell\u2019interessato; tale attivit\u00e0 di rilascio di informazioni pu\u00f2 avvenire nei seguenti casi:\n1. quando L'Image ha necessit\u00e0 di comunicare informazioni sugli utenti, anche a propri partner, per offrire servizi e soddisfare la richiesta dell\u2019utente;\n2. quando L'Image \u00e8 tenuta, per ordine delle autorit\u00e0 giudiziarie, a rilasciare informazioni riguardo gli utenti, o in conformit\u00e0 di una legge locale o internazionale, regolamento o mandato.\nL'Image non ceder\u00e0, a titolo oneroso o gratuito, i dati personali dei propri utenti di siti web a terze parti non autorizzate.\n\n\n<h3 class=\"widget-title\">TUTELA DEI DATI PERSONALI<\/h3>\n\n\nIn conformit\u00e0 al principio di necessit\u00e0 sancito nell\u2019art. 3 D.lgs. 196\/03, L'Image garantisce che i trattamenti mediante strumenti elettronici sono effettuati riducendo al minimo l\u2019utilizzazione di dati personali e di dati identificativi, limitandone il ricorso ai casi in cui sono strettamente necessari per il conseguimento degli scopi per i quali sono stati raccolti. L'Image garantisce altres\u00ec l\u2019adozione e l\u2019osservanza di specifiche misure di sicurezza per prevenire la perdita dei dati, eventuali usi illeciti o non corretti degli stessi ed accessi non autorizzati.\nI dati dell\u2019utente saranno archiviati da L'Image fino ad eventuale ordine di cancellazione da parte dell\u2019interessato, compresi i dati di cui non \u00e8 necessaria la conservazione in relazione agli scopi per i quali i sono stati raccolti, in osservanza dei diritti sanciti nell\u2019art. 7 D.lgs. 196\/2003 e da attuarsi con le modalit\u00e0 di cui al successivo paragrafo \u201cI Suoi Diritti\u201d.\n\n\n<h3 class=\"widget-title\">CONSENSO AL TRATTAMENTO DEI DATI PERSONALI<\/h3>\n\n\nL'Image effettua il trattamento dei dati dei propri utenti\/clienti esclusivamente con il consenso degli stessi.\nSi precisa a tal fine che, qualora l\u2019utente non acconsenta al trattamento dei dati o richieda la cancellazione dei propri dati, non sar\u00e0 possibile offrire i prodotti\/Servizi richiesti.\n\n\n<h3 class=\"widget-title\"><\/h3>\n\n\n\n\n<h3 class=\"widget-title\"><\/h3>\n\n\n\n\n<h3 class=\"widget-title\">FACOLTATIVIT\u00c0 DEL CONFERIMENTO DEI DATI<\/h3>\n\n\nA parte quanto specificato per i dati di navigazione, l\u2019utente ha facolt\u00e0 di fornire o meno i dati personali riportati nei moduli di richiesta e\/o di registrazione del sito web de\u00a0L'Image.\nIl loro mancato conferimento pu\u00f2 comportare l\u2019impossibilit\u00e0 di ottenere quanto richiesto.\nPer completezza va ricordato che in alcuni casi (non oggetto dell\u2019ordinaria gestione di questo sito) l\u2019Autorit\u00e0 pu\u00f2 richiedere notizie e informazioni ai sensi dell\u2019art. 157 del D.lgs. n. 196\/2003, ai fini del controllo sul trattamento dei dati personali. In questi casi la risposta \u00e8 obbligatoria a pena di sanzione amministrativa.\n\n\n<h3 class=\"widget-title\">I SUOI DIRITTI<\/h3>\n\n\nGli utenti del sito web di L'Image potranno sempre rivolgersi al Titolare e\/o Responsabile del trattamento dei dati \u2013 sopra indicati \u2013 per far valere i propri diritti cos\u00ec come previsti dall\u2019 art. 7 D.lgs 196\/2003 n. 196, compresi l\u2019aggiornamento e\/o la rettificazione e\/o l\u2019integrazione dei dati e\/o la cancellazione, la trasformazione in forma anonima o il blocco dei dati trattati.\n\n\n<h3 class=\"widget-title\">MODIFICHE ALLA PRIVACY POLICY<\/h3>\n\n\nLa Privacy Policy di L'Image pu\u00f2 essere aggiornata e\/o modificata anche al fine di recepire e\/o conformarsi a normative nazionali, comunitarie, internazionali o per adeguarsi ad intervenute innovazioni tecnologiche. Gli aggiornamenti e\/o le modifiche che verranno apportati alla presente Privacy Policy saranno riportati in questa pagina web e rese costantemente visibili attraverso il collegamento ipertestuale esistente nel sito della Societ\u00e0, in modo che gli interessati possano essere pienamente informati in merito all\u2019utilizzo che viene fatto dei propri dati personali forniti attraverso il sito web de\u00a0L'Image.\n--><\/p>\n<p>Si raccomanda di prendere visione di tale Policy ogni volta venga visitato il sito web de\u00a0L&#8217;Image.<br \/>\nEntrata in vigore: Maggio\u00a02015<br \/>\nUltima modifica: Maggio 2018<\/p>\n<h3 class=\"widget-title\">CONTATTI<\/h3>\n<p>Per eventuali richieste di informazioni supplementari riguardo questa Privacy Policy, contattare <a href=\"http:\/\/www.posterimage.it\/contatti\/\">L&#8217;Image<\/a><\/p>\n","protected":false},"excerpt":{"rendered":"<p>L&#8217;IMAGE ha sempre considerato di fondamentale importanza la tutela e la sicurezza dei dati dei propri Utenti. In conformit\u00e0 con l\u2019entrata in vigore del nuovo Regolamento Generale sulla Protezione dei Dati Personali (Regolamento UE 2016\/679 o GDPR) l&#8217;IMAGE ha provveduto ad aggiornare la propria Privacy Policy per rendere ancora pi\u00f9 chiare le modalit\u00e0 di gestione [&hellip;]<\/p>\n","protected":false},"author":1,"featured_media":0,"parent":0,"menu_order":0,"comment_status":"closed","ping_status":"open","template":"","meta":{"footnotes":""},"class_list":["post-19677","page","type-page","status-publish","hentry"],"yoast_head":"<!-- This site is optimized with the Yoast SEO plugin v23.2 - https:\/\/yoast.com\/wordpress\/plugins\/seo\/ -->\n<title>Privacy policy - L&#039;Image Gallery<\/title>\n<meta name=\"robots\" content=\"noindex, nofollow\" \/>\n<meta property=\"og:locale\" content=\"en_US\" \/>\n<meta property=\"og:type\" content=\"article\" \/>\n<meta property=\"og:title\" content=\"Privacy policy - L&#039;Image Gallery\" \/>\n<meta property=\"og:description\" content=\"L&#8217;IMAGE ha sempre considerato di fondamentale importanza la tutela e la sicurezza dei dati dei propri Utenti. In conformit\u00e0 con l\u2019entrata in vigore del nuovo Regolamento Generale sulla Protezione dei Dati Personali (Regolamento UE 2016\/679 o GDPR) l&#8217;IMAGE ha provveduto ad aggiornare la propria Privacy Policy per rendere ancora pi\u00f9 chiare le modalit\u00e0 di gestione [&hellip;]\" \/>\n<meta property=\"og:url\" content=\"https:\/\/lab.posterimage.it\/privacy-policy\/\" \/>\n<meta property=\"og:site_name\" content=\"L&#039;Image Gallery\" \/>\n<meta property=\"article:modified_time\" content=\"2018-05-25T13:29:00+00:00\" \/>\n<meta property=\"og:image\" content=\"https:\/\/lab.posterimage.it\/wp-content\/uploads\/2019\/11\/Vetrine_novembre_2019_crodo.jpg\" \/>\n\t<meta property=\"og:image:width\" content=\"1920\" \/>\n\t<meta property=\"og:image:height\" content=\"729\" \/>\n\t<meta property=\"og:image:type\" content=\"image\/jpeg\" \/>\n<meta name=\"twitter:label1\" content=\"Est. reading time\" \/>\n\t<meta name=\"twitter:data1\" content=\"1 minute\" \/>\n<script type=\"application\/ld+json\" class=\"yoast-schema-graph\">{\"@context\":\"https:\/\/schema.org\",\"@graph\":[{\"@type\":\"WebPage\",\"@id\":\"https:\/\/lab.posterimage.it\/privacy-policy\/\",\"url\":\"https:\/\/lab.posterimage.it\/privacy-policy\/\",\"name\":\"Privacy policy - L&#039;Image Gallery\",\"isPartOf\":{\"@id\":\"https:\/\/lab.posterimage.it\/#website\"},\"datePublished\":\"2015-05-29T09:32:42+00:00\",\"dateModified\":\"2018-05-25T13:29:00+00:00\",\"breadcrumb\":{\"@id\":\"https:\/\/lab.posterimage.it\/privacy-policy\/#breadcrumb\"},\"inLanguage\":\"en-US\",\"potentialAction\":[{\"@type\":\"ReadAction\",\"target\":[\"https:\/\/lab.posterimage.it\/privacy-policy\/\"]}]},{\"@type\":\"BreadcrumbList\",\"@id\":\"https:\/\/lab.posterimage.it\/privacy-policy\/#breadcrumb\",\"itemListElement\":[{\"@type\":\"ListItem\",\"position\":1,\"name\":\"Home\",\"item\":\"https:\/\/lab.posterimage.it\/en\/\"},{\"@type\":\"ListItem\",\"position\":2,\"name\":\"Privacy policy\"}]},{\"@type\":\"WebSite\",\"@id\":\"https:\/\/lab.posterimage.it\/#website\",\"url\":\"https:\/\/lab.posterimage.it\/\",\"name\":\"L&#039;Image Gallery\",\"description\":\"Original Posters of the XXth Century | Tel. (+39) 0182.64.43.62\",\"potentialAction\":[{\"@type\":\"SearchAction\",\"target\":{\"@type\":\"EntryPoint\",\"urlTemplate\":\"https:\/\/lab.posterimage.it\/?s={search_term_string}\"},\"query-input\":\"required name=search_term_string\"}],\"inLanguage\":\"en-US\"}]}<\/script>\n<!-- \/ Yoast SEO plugin. -->","yoast_head_json":{"title":"Privacy policy - L&#039;Image Gallery","robots":{"index":"noindex","follow":"nofollow"},"og_locale":"en_US","og_type":"article","og_title":"Privacy policy - L&#039;Image Gallery","og_description":"L&#8217;IMAGE ha sempre considerato di fondamentale importanza la tutela e la sicurezza dei dati dei propri Utenti. In conformit\u00e0 con l\u2019entrata in vigore del nuovo Regolamento Generale sulla Protezione dei Dati Personali (Regolamento UE 2016\/679 o GDPR) l&#8217;IMAGE ha provveduto ad aggiornare la propria Privacy Policy per rendere ancora pi\u00f9 chiare le modalit\u00e0 di gestione [&hellip;]","og_url":"https:\/\/lab.posterimage.it\/privacy-policy\/","og_site_name":"L&#039;Image Gallery","article_modified_time":"2018-05-25T13:29:00+00:00","og_image":[{"width":1920,"height":729,"url":"https:\/\/lab.posterimage.it\/wp-content\/uploads\/2019\/11\/Vetrine_novembre_2019_crodo.jpg","type":"image\/jpeg"}],"twitter_misc":{"Est. reading time":"1 minute"},"schema":{"@context":"https:\/\/schema.org","@graph":[{"@type":"WebPage","@id":"https:\/\/lab.posterimage.it\/privacy-policy\/","url":"https:\/\/lab.posterimage.it\/privacy-policy\/","name":"Privacy policy - L&#039;Image Gallery","isPartOf":{"@id":"https:\/\/lab.posterimage.it\/#website"},"datePublished":"2015-05-29T09:32:42+00:00","dateModified":"2018-05-25T13:29:00+00:00","breadcrumb":{"@id":"https:\/\/lab.posterimage.it\/privacy-policy\/#breadcrumb"},"inLanguage":"en-US","potentialAction":[{"@type":"ReadAction","target":["https:\/\/lab.posterimage.it\/privacy-policy\/"]}]},{"@type":"BreadcrumbList","@id":"https:\/\/lab.posterimage.it\/privacy-policy\/#breadcrumb","itemListElement":[{"@type":"ListItem","position":1,"name":"Home","item":"https:\/\/lab.posterimage.it\/en\/"},{"@type":"ListItem","position":2,"name":"Privacy policy"}]},{"@type":"WebSite","@id":"https:\/\/lab.posterimage.it\/#website","url":"https:\/\/lab.posterimage.it\/","name":"L&#039;Image Gallery","description":"Original Posters of the XXth Century | Tel. (+39) 0182.64.43.62","potentialAction":[{"@type":"SearchAction","target":{"@type":"EntryPoint","urlTemplate":"https:\/\/lab.posterimage.it\/?s={search_term_string}"},"query-input":"required name=search_term_string"}],"inLanguage":"en-US"}]}},"jetpack_sharing_enabled":false,"jetpack_shortlink":"https:\/\/wp.me\/P4IFuY-57n","_links":{"self":[{"href":"https:\/\/lab.posterimage.it\/en\/wp-json\/wp\/v2\/pages\/19677"}],"collection":[{"href":"https:\/\/lab.posterimage.it\/en\/wp-json\/wp\/v2\/pages"}],"about":[{"href":"https:\/\/lab.posterimage.it\/en\/wp-json\/wp\/v2\/types\/page"}],"author":[{"embeddable":true,"href":"https:\/\/lab.posterimage.it\/en\/wp-json\/wp\/v2\/users\/1"}],"replies":[{"embeddable":true,"href":"https:\/\/lab.posterimage.it\/en\/wp-json\/wp\/v2\/comments?post=19677"}],"version-history":[{"count":0,"href":"https:\/\/lab.posterimage.it\/en\/wp-json\/wp\/v2\/pages\/19677\/revisions"}],"wp:attachment":[{"href":"https:\/\/lab.posterimage.it\/en\/wp-json\/wp\/v2\/media?parent=19677"}],"curies":[{"name":"wp","href":"https:\/\/api.w.org\/{rel}","templated":true}]}}